{"id":3,"date":"2025-05-20T09:16:24","date_gmt":"2025-05-20T09:16:24","guid":{"rendered":"https:\/\/la-grenouille-honfleur.com\/?page_id=3"},"modified":"2025-12-19T15:47:30","modified_gmt":"2025-12-19T15:47:30","slug":"legal-information","status":"publish","type":"page","link":"https:\/\/la-grenouille-honfleur.com\/en\/legal-information\/","title":{"rendered":"Legal information"},"content":{"rendered":"<div style=\"height:40px\" aria-hidden=\"true\" class=\"wp-block-spacer\"><\/div>\n\n\n\n<h2 class=\"wp-block-heading\"><strong>Site publisher<\/strong><\/h2>\n\n\n\n<p>This website is published by :<\/p>\n\n\n\n<p><strong>SAS TLL \/ LA GRENOUILLE<br><\/strong>Address: 16 quai de la Quarantaine, 14600 Honfleur - France<br>Telephone: 02 31 89 04 24<br>Email : <a href=\"mailto:grenouille.honfleur@orange.fr\">grenouille.honfleur@orange.fr<\/a><br>SIRET NO.: 82821553300021<br>Publication managers: Alexandre THOMAS and St\u00e9phany LESAGE<\/p>\n\n\n\n<h2 class=\"wp-block-heading\"><strong>Hosting<\/strong><\/h2>\n\n\n\n<p>The site is hosted by :<br>Hostinger International Ltd.<br>Registered office: 61 Lordou Vironos Street, 6023 Larnaca (Cyprus)<br>Website : <a href=\"https:\/\/www.hostinger.com\/fr\" target=\"_blank\" rel=\"noopener\">https:\/\/www.hostinger.com\/fr<\/a><\/p>\n\n\n\n<h2 class=\"wp-block-heading\"><strong>Design and development<\/strong><\/h2>\n\n\n\n<p>This site was designed by : <br><strong>Apollo Studio<br><\/strong>Contact: baptiste.r@apollostudio.fr<\/p>\n\n\n\n<h2 class=\"wp-block-heading\"><strong>Intellectual property<\/strong><\/h2>\n\n\n\n<p>All content on this site (text, images, graphics, logos, icons, etc.) is the exclusive property of Bistro du Port, unless otherwise stated. Any reproduction, distribution, modification or use without written authorisation is strictly prohibited.<\/p>\n\n\n\n<div style=\"height:40px\" aria-hidden=\"true\" class=\"wp-block-spacer\"><\/div>","protected":false},"excerpt":{"rendered":"<p>\u00c9diteur du site Le pr\u00e9sent site est \u00e9dit\u00e9 par : SAS TLL \/ LA GRENOUILLEAdresse : 16 quai de la Quarantaine, 14600 Honfleur \u2013 FranceT\u00e9l\u00e9phone : 02 31 89 04 24Email : grenouille.honfleur@orange.frN\u00b0 SIRET : 82821553300021Responsable de la publication : Alexandre THOMAS et St\u00e9phany LESAGE H\u00e9bergement Le site est h\u00e9berg\u00e9 par :Hostinger International Ltd.Si\u00e8ge social\u202f:&#8230;<\/p>","protected":false},"author":2,"featured_media":0,"parent":0,"menu_order":0,"comment_status":"closed","ping_status":"closed","template":"","meta":{"_kad_blocks_custom_css":"","_kad_blocks_head_custom_js":"","_kad_blocks_body_custom_js":"","_kad_blocks_footer_custom_js":"","_kad_post_transparent":"","_kad_post_title":"","_kad_post_layout":"","_kad_post_sidebar_id":"","_kad_post_content_style":"","_kad_post_vertical_padding":"","_kad_post_feature":"","_kad_post_feature_position":"","_kad_post_header":false,"_kad_post_footer":false,"_kad_post_classname":"","footnotes":""},"class_list":["post-3","page","type-page","status-publish","hentry"],"taxonomy_info":[],"featured_image_src_large":false,"author_info":{"display_name":"Apollo Studio","author_link":"https:\/\/la-grenouille-honfleur.com\/en\/author\/apollo-studio\/"},"comment_info":0,"_links":{"self":[{"href":"https:\/\/la-grenouille-honfleur.com\/en\/wp-json\/wp\/v2\/pages\/3","targetHints":{"allow":["GET"]}}],"collection":[{"href":"https:\/\/la-grenouille-honfleur.com\/en\/wp-json\/wp\/v2\/pages"}],"about":[{"href":"https:\/\/la-grenouille-honfleur.com\/en\/wp-json\/wp\/v2\/types\/page"}],"author":[{"embeddable":true,"href":"https:\/\/la-grenouille-honfleur.com\/en\/wp-json\/wp\/v2\/users\/2"}],"replies":[{"embeddable":true,"href":"https:\/\/la-grenouille-honfleur.com\/en\/wp-json\/wp\/v2\/comments?post=3"}],"version-history":[{"count":10,"href":"https:\/\/la-grenouille-honfleur.com\/en\/wp-json\/wp\/v2\/pages\/3\/revisions"}],"predecessor-version":[{"id":3465,"href":"https:\/\/la-grenouille-honfleur.com\/en\/wp-json\/wp\/v2\/pages\/3\/revisions\/3465"}],"wp:attachment":[{"href":"https:\/\/la-grenouille-honfleur.com\/en\/wp-json\/wp\/v2\/media?parent=3"}],"curies":[{"name":"wp","href":"https:\/\/api.w.org\/{rel}","templated":true}]}}