{"id":2845,"date":"2025-06-11T09:27:29","date_gmt":"2025-06-11T09:27:29","guid":{"rendered":"https:\/\/la-grenouille-honfleur.com\/?page_id=2845"},"modified":"2025-08-25T08:25:24","modified_gmt":"2025-08-25T08:25:24","slug":"privacy-policy","status":"publish","type":"page","link":"https:\/\/la-grenouille-honfleur.com\/en\/privacy-policy\/","title":{"rendered":"Privacy policy"},"content":{"rendered":"<div style=\"height:40px\" aria-hidden=\"true\" class=\"wp-block-spacer\"><\/div>\n\n\n\n<h2 class=\"wp-block-heading\"><strong>Collection of personal data<\/strong><\/h2>\n\n\n\n<p>The data collected via our contact form or our booking module is strictly limited to what is necessary for :<\/p>\n\n\n\n<ul class=\"wp-block-list\">\n<li>Respond to your contact or booking request<\/li>\n\n\n\n<li>Managing commercial relations<\/li>\n\n\n\n<li>To send you, if you have agreed, information about our restaurant<\/li>\n<\/ul>\n\n\n\n<p>The data collected are :<\/p>\n\n\n\n<ul class=\"wp-block-list\">\n<li>Full name<\/li>\n\n\n\n<li>Email address<\/li>\n\n\n\n<li>Telephone<\/li>\n\n\n\n<li>Subject and content of your message<\/li>\n<\/ul>\n\n\n\n<h2 class=\"wp-block-heading\"><strong>Shelf life<\/strong><\/h2>\n\n\n\n<p>Your data will be kept for a maximum period of <strong>3 years<\/strong> from the last contact, unless otherwise required by law.<\/p>\n\n\n\n<h2 class=\"wp-block-heading\"><strong>Data transmission<\/strong><\/h2>\n\n\n\n<p>Data will not be resold or transferred to third parties, except where required by law or where technically necessary (e.g. to process bookings via a service provider).<\/p>\n\n\n\n<h2 class=\"wp-block-heading\"><strong>Cookies<\/strong><\/h2>\n\n\n\n<p>The site may use cookies to improve the user experience and to compile anonymous visitor statistics. You can configure your browser to refuse cookies.<\/p>\n\n\n\n<h2 class=\"wp-block-heading\"><strong>User rights<\/strong><\/h2>\n\n\n\n<p>In accordance with the General Data Protection Regulation (GDPR), you have the following rights:<\/p>\n\n\n\n<ul class=\"wp-block-list\">\n<li>Right of access, rectification or deletion of your data<\/li>\n\n\n\n<li>Right to restrict or object to processing<\/li>\n\n\n\n<li>Right to portability<\/li>\n\n\n\n<li>Right to withdraw your consent at any time<\/li>\n<\/ul>\n\n\n\n<p>To exercise these rights, please write to us at :<br><strong><a href=\"mailto:grenouille.honfleur@orange.fr\">grenouille.honfleur@orange.fr<\/a><\/strong><\/p>\n\n\n\n<h2 class=\"wp-block-heading\"><strong>Claims<\/strong><\/h2>\n\n\n\n<p>If you feel that your rights have not been respected, you can lodge a complaint with the CNIL : <a class=\"\" href=\"https:\/\/www.cnil.fr\" target=\"_blank\" rel=\"noopener\">https:\/\/www.cnil.fr<\/a><\/p>\n\n\n\n<div style=\"height:40px\" aria-hidden=\"true\" class=\"wp-block-spacer\"><\/div>","protected":false},"excerpt":{"rendered":"<p>Collecte des donn\u00e9es personnelles Les donn\u00e9es collect\u00e9es via notre formulaire de contact ou notre module de r\u00e9servation sont strictement limit\u00e9es \u00e0 ce qui est n\u00e9cessaire pour : Les donn\u00e9es collect\u00e9es sont : Dur\u00e9e de conservation Vos donn\u00e9es sont conserv\u00e9es pendant une dur\u00e9e maximale de 3 ans \u00e0 compter du dernier contact, sauf obligation l\u00e9gale contraire&#8230;.<\/p>","protected":false},"author":2,"featured_media":0,"parent":0,"menu_order":0,"comment_status":"closed","ping_status":"closed","template":"","meta":{"_kad_blocks_custom_css":"","_kad_blocks_head_custom_js":"","_kad_blocks_body_custom_js":"","_kad_blocks_footer_custom_js":"","_kad_post_transparent":"","_kad_post_title":"","_kad_post_layout":"","_kad_post_sidebar_id":"","_kad_post_content_style":"","_kad_post_vertical_padding":"","_kad_post_feature":"","_kad_post_feature_position":"","_kad_post_header":false,"_kad_post_footer":false,"_kad_post_classname":"","footnotes":""},"class_list":["post-2845","page","type-page","status-publish","hentry"],"taxonomy_info":[],"featured_image_src_large":false,"author_info":{"display_name":"Apollo Studio","author_link":"https:\/\/la-grenouille-honfleur.com\/en\/author\/apollo-studio\/"},"comment_info":0,"_links":{"self":[{"href":"https:\/\/la-grenouille-honfleur.com\/en\/wp-json\/wp\/v2\/pages\/2845","targetHints":{"allow":["GET"]}}],"collection":[{"href":"https:\/\/la-grenouille-honfleur.com\/en\/wp-json\/wp\/v2\/pages"}],"about":[{"href":"https:\/\/la-grenouille-honfleur.com\/en\/wp-json\/wp\/v2\/types\/page"}],"author":[{"embeddable":true,"href":"https:\/\/la-grenouille-honfleur.com\/en\/wp-json\/wp\/v2\/users\/2"}],"replies":[{"embeddable":true,"href":"https:\/\/la-grenouille-honfleur.com\/en\/wp-json\/wp\/v2\/comments?post=2845"}],"version-history":[{"count":2,"href":"https:\/\/la-grenouille-honfleur.com\/en\/wp-json\/wp\/v2\/pages\/2845\/revisions"}],"predecessor-version":[{"id":3281,"href":"https:\/\/la-grenouille-honfleur.com\/en\/wp-json\/wp\/v2\/pages\/2845\/revisions\/3281"}],"wp:attachment":[{"href":"https:\/\/la-grenouille-honfleur.com\/en\/wp-json\/wp\/v2\/media?parent=2845"}],"curies":[{"name":"wp","href":"https:\/\/api.w.org\/{rel}","templated":true}]}}